{"id":3639,"date":"2025-02-27T15:00:42","date_gmt":"2025-02-27T14:00:42","guid":{"rendered":"https:\/\/linguafest.hu\/?page_id=3639"},"modified":"2025-03-27T11:59:43","modified_gmt":"2025-03-27T10:59:43","slug":"kiallitoink2025","status":"publish","type":"page","link":"https:\/\/linguafest.hu\/?page_id=3639","title":{"rendered":"Ki\u00e1ll\u00edt\u00f3ink"},"content":{"rendered":"\t\t<div data-elementor-type=\"wp-page\" data-elementor-id=\"3639\" class=\"elementor elementor-3639\" data-elementor-post-type=\"page\">\n\t\t\t\t\t\t<section class=\"elementor-section elementor-top-section elementor-element elementor-element-24947e6 elementor-section-boxed elementor-section-height-default elementor-section-height-default\" data-id=\"24947e6\" data-element_type=\"section\" data-e-type=\"section\" data-settings=\"{&quot;jet_parallax_layout_list&quot;:[]}\">\n\t\t\t\t\t\t<div class=\"elementor-container elementor-column-gap-default\">\n\t\t\t\t\t<div class=\"elementor-column elementor-col-100 elementor-top-column elementor-element elementor-element-8104701\" data-id=\"8104701\" data-element_type=\"column\" data-e-type=\"column\">\n\t\t\t<div class=\"elementor-widget-wrap elementor-element-populated\">\n\t\t\t\t\t\t<div class=\"elementor-element elementor-element-70dda4b elementor-widget elementor-widget-heading\" data-id=\"70dda4b\" data-element_type=\"widget\" data-e-type=\"widget\" data-widget_type=\"heading.default\">\n\t\t\t\t<div class=\"elementor-widget-container\">\n\t\t\t\t\t<h2 class=\"elementor-heading-title elementor-size-default\">Ki\u00e1ll\u00edt\u00f3ink<\/h2>\t\t\t\t<\/div>\n\t\t\t\t<\/div>\n\t\t\t\t\t<\/div>\n\t\t<\/div>\n\t\t\t\t\t<\/div>\n\t\t<\/section>\n\t\t\t\t<section class=\"elementor-section elementor-top-section elementor-element elementor-element-807e6e2 elementor-section-boxed elementor-section-height-default elementor-section-height-default\" data-id=\"807e6e2\" data-element_type=\"section\" data-e-type=\"section\" data-settings=\"{&quot;jet_parallax_layout_list&quot;:[]}\">\n\t\t\t\t\t\t<div class=\"elementor-container elementor-column-gap-default\">\n\t\t\t\t\t<div class=\"elementor-column elementor-col-100 elementor-top-column elementor-element elementor-element-8419d26\" data-id=\"8419d26\" data-element_type=\"column\" data-e-type=\"column\">\n\t\t\t<div class=\"elementor-widget-wrap elementor-element-populated\">\n\t\t\t\t\t\t<div class=\"elementor-element elementor-element-55ddffd elementor-widget elementor-widget-image\" data-id=\"55ddffd\" data-element_type=\"widget\" data-e-type=\"widget\" data-widget_type=\"image.default\">\n\t\t\t\t<div class=\"elementor-widget-container\">\n\t\t\t\t\t\t\t\t\t\t\t\t\t\t\t<img fetchpriority=\"high\" decoding=\"async\" width=\"1024\" height=\"576\" src=\"https:\/\/linguafest.hu\/wp-content\/uploads\/2025\/03\/logok_tabla-3-1024x576.jpg\" class=\"attachment-large size-large wp-image-3786\" alt=\"\" srcset=\"https:\/\/linguafest.hu\/wp-content\/uploads\/2025\/03\/logok_tabla-3-1024x576.jpg 1024w, https:\/\/linguafest.hu\/wp-content\/uploads\/2025\/03\/logok_tabla-3-300x169.jpg 300w, https:\/\/linguafest.hu\/wp-content\/uploads\/2025\/03\/logok_tabla-3-768x432.jpg 768w, https:\/\/linguafest.hu\/wp-content\/uploads\/2025\/03\/logok_tabla-3-1536x864.jpg 1536w, https:\/\/linguafest.hu\/wp-content\/uploads\/2025\/03\/logok_tabla-3-150x85.jpg 150w, https:\/\/linguafest.hu\/wp-content\/uploads\/2025\/03\/logok_tabla-3-600x338.jpg 600w, https:\/\/linguafest.hu\/wp-content\/uploads\/2025\/03\/logok_tabla-3.jpg 1920w\" sizes=\"(max-width: 1024px) 100vw, 1024px\" \/>\t\t\t\t\t\t\t\t\t\t\t\t\t\t\t<\/div>\n\t\t\t\t<\/div>\n\t\t\t\t\t<\/div>\n\t\t<\/div>\n\t\t\t\t\t<\/div>\n\t\t<\/section>\n\t\t\t\t<section class=\"elementor-section elementor-top-section elementor-element elementor-element-dae3969 elementor-section-boxed elementor-section-height-default elementor-section-height-default\" data-id=\"dae3969\" data-element_type=\"section\" data-e-type=\"section\" data-settings=\"{&quot;jet_parallax_layout_list&quot;:[]}\">\n\t\t\t\t\t\t<div class=\"elementor-container elementor-column-gap-default\">\n\t\t\t\t\t<div class=\"elementor-column elementor-col-100 elementor-top-column elementor-element elementor-element-4a655f7\" data-id=\"4a655f7\" data-element_type=\"column\" data-e-type=\"column\">\n\t\t\t<div class=\"elementor-widget-wrap elementor-element-populated\">\n\t\t\t\t\t\t<div class=\"elementor-element elementor-element-f52caab elementor-widget elementor-widget-text-editor\" data-id=\"f52caab\" data-element_type=\"widget\" data-e-type=\"widget\" data-widget_type=\"text-editor.default\">\n\t\t\t\t<div class=\"elementor-widget-container\">\n\t\t\t\t\t\t\t\t\t<p>Az esem\u00e9ny t\u00e1rsszervez\u0151je:\u00a0<\/p><p><a href=\"https:\/\/www.onyc.hu\/\">ELTE Origo Nyelvi Centrum<\/a><\/p><p>Ki\u00e1ll\u00edt\u00f3ink:\u00a0<\/p><p><a href=\"https:\/\/www.euroexam.org\/hu\">Euroexam International<\/a><\/p><p><a href=\"https:\/\/www.hueber.de\/hu\">Hueber Verlag<\/a><\/p><p><a href=\"https:\/\/www.lingea.hu\/\">Lingea<\/a>\u00a0<\/p><p><a href=\"https:\/\/tudasbazis.ekreta.hu\/pages\/viewpage.action?pageId=71697082\">Kr\u00e9ta IFM<\/a><\/p><p><a href=\"https:\/\/elt.oup.com\/?cc=hu&amp;selLanguage=hu&amp;mode=hub\">Oxford University Press<\/a><\/p><p><a href=\"https:\/\/nyelvkonyvbolt.hu\/\">Libra Books\u00a0<\/a><\/p><p><a href=\"https:\/\/learnenglish.britishcouncil.org\/\">British Council<\/a><\/p><p><a href=\"https:\/\/converzum.hu\/\">Converzum Tudom\u00e1ny Nyelviskola<\/a><\/p><p><a href=\"https:\/\/www.languagecert.hu\/\">Language Cert Nyelvvizsgak\u00f6zpont<\/a><\/p><p><a href=\"https:\/\/www.cambridge.org\/\">CUP<\/a>\u00a0\u00e9s\u00a0<a href=\"https:\/\/fischerhub.ro\/fischerhun\/\">Fischer HUB<\/a><\/p><p><a href=\"https:\/\/bellenglish.com\/\">Bell English<\/a><\/p><p><a href=\"http:\/\/www.bmenyelvvizsga.bme.hu\/\">BME Nyelvvizsgak\u00f6zpont<\/a><\/p><p><a href=\"https:\/\/www.fernuni-hagen.de\/stz\/budapest\/hu\/\">Hageni T\u00e1vegyetem<\/a><\/p><p><a href=\"https:\/\/www.visitmalta.com\/en\/\">Visit Malta<\/a><\/p><p><a href=\"https:\/\/mindennapnemetul.hu\/\">Minden nap n\u00e9met\u00fcl<\/a><\/p><p><a href=\"https:\/\/hungary.representation.ec.europa.eu\/index_hu\">Eur\u00f3pai Bizotts\u00e1g Magyarorsz\u00e1gi k\u00e9pviselete<\/a><\/p><p><a href=\"https:\/\/budapest.katedra.hu\/?_gl=1%2Aefpnz6%2A_up%2AMQ..%2A_gs%2AMQ..&amp;gclid=Cj0KCQiA8fW9BhC8ARIsACwHqYoNTfN-F5otHMTbY5WTh6l33GaDYf4gxtsOqtN_yqxxH-DsiwWlZZAaAitBEALw_wcB\">Katedra Nyelviskola<\/a><\/p><p><a href=\"https:\/\/lexika.hu\/\">Lexika K\u00f6nyvkiad\u00f3<\/a><\/p><p><a href=\"http:\/\/www.linguina.hu\">Linguina Nyelviskola \u00e9s Ford\u00edt\u00f3iroda<\/a><\/p><p><a title=\"http:\/\/www.quiz42.com\/\" href=\"http:\/\/www.quiz42.com\/\" target=\"_blank\" rel=\"noopener noreferrer\" data-auth=\"NotApplicable\" data-linkindex=\"0\" data-olk-copy-source=\"MessageBody\">www.quiz42.com<\/a><\/p><p><a href=\"http:\/\/www.nyelviskola.hu\/\">Nyelviskol\u00e1k Szakmai Egyes\u00fclet\u00e9nek<\/a>\u00a0nyelviskol\u00e1i<\/p>\t\t\t\t\t\t\t\t<\/div>\n\t\t\t\t<\/div>\n\t\t\t\t\t<\/div>\n\t\t<\/div>\n\t\t\t\t\t<\/div>\n\t\t<\/section>\n\t\t\t\t<\/div>\n\t\t","protected":false},"excerpt":{"rendered":"<p>Ki\u00e1ll\u00edt\u00f3ink Az esem\u00e9ny t\u00e1rsszervez\u0151je:\u00a0 ELTE Origo Nyelvi Centrum Ki\u00e1ll\u00edt\u00f3ink:\u00a0 Euroexam International Hueber Verlag Lingea\u00a0 Kr\u00e9ta IFM Oxford University Press Libra Books\u00a0 British Council Converzum Tudom\u00e1ny Nyelviskola Language Cert Nyelvvizsgak\u00f6zpont CUP\u00a0\u00e9s\u00a0Fischer HUB Bell English BME Nyelvvizsgak\u00f6zpont Hageni T\u00e1vegyetem Visit Malta Minden nap n\u00e9met\u00fcl Eur\u00f3pai Bizotts\u00e1g Magyarorsz\u00e1gi k\u00e9pviselete Katedra Nyelviskola Lexika K\u00f6nyvkiad\u00f3 Linguina Nyelviskola \u00e9s Ford\u00edt\u00f3iroda www.quiz42.com [&hellip;]<\/p>\n","protected":false},"author":18,"featured_media":0,"parent":0,"menu_order":0,"comment_status":"closed","ping_status":"closed","template":"","meta":{"footnotes":""},"teszt":[],"class_list":["post-3639","page","type-page","status-publish","hentry"],"_links":{"self":[{"href":"https:\/\/linguafest.hu\/index.php?rest_route=\/wp\/v2\/pages\/3639","targetHints":{"allow":["GET"]}}],"collection":[{"href":"https:\/\/linguafest.hu\/index.php?rest_route=\/wp\/v2\/pages"}],"about":[{"href":"https:\/\/linguafest.hu\/index.php?rest_route=\/wp\/v2\/types\/page"}],"author":[{"embeddable":true,"href":"https:\/\/linguafest.hu\/index.php?rest_route=\/wp\/v2\/users\/18"}],"replies":[{"embeddable":true,"href":"https:\/\/linguafest.hu\/index.php?rest_route=%2Fwp%2Fv2%2Fcomments&post=3639"}],"version-history":[{"count":0,"href":"https:\/\/linguafest.hu\/index.php?rest_route=\/wp\/v2\/pages\/3639\/revisions"}],"wp:attachment":[{"href":"https:\/\/linguafest.hu\/index.php?rest_route=%2Fwp%2Fv2%2Fmedia&parent=3639"}],"wp:term":[{"taxonomy":"teszt","embeddable":true,"href":"https:\/\/linguafest.hu\/index.php?rest_route=%2Fwp%2Fv2%2Fteszt&post=3639"}],"curies":[{"name":"wp","href":"https:\/\/api.w.org\/{rel}","templated":true}]}}