{"id":127,"date":"2020-06-06T00:47:17","date_gmt":"2020-06-05T22:47:17","guid":{"rendered":"https:\/\/linguafest.hu\/?page_id=127"},"modified":"2025-03-27T12:01:06","modified_gmt":"2025-03-27T11:01:06","slug":"kezdolap","status":"publish","type":"page","link":"https:\/\/linguafest.hu\/","title":{"rendered":"Kezd\u0151lap"},"content":{"rendered":"\t\t<div data-elementor-type=\"wp-page\" data-elementor-id=\"127\" class=\"elementor elementor-127\" data-elementor-post-type=\"page\">\n\t\t\t\t\t\t<section class=\"elementor-section elementor-top-section elementor-element elementor-element-11412a8 elementor-section-boxed elementor-section-height-default elementor-section-height-default\" data-id=\"11412a8\" data-element_type=\"section\" data-e-type=\"section\" data-settings=\"{&quot;jet_parallax_layout_list&quot;:[]}\">\n\t\t\t\t\t\t<div class=\"elementor-container elementor-column-gap-default\">\n\t\t\t\t\t<div class=\"elementor-column elementor-col-100 elementor-top-column elementor-element elementor-element-f91dce9\" data-id=\"f91dce9\" data-element_type=\"column\" data-e-type=\"column\">\n\t\t\t<div class=\"elementor-widget-wrap elementor-element-populated\">\n\t\t\t\t\t\t<div class=\"elementor-element elementor-element-e7adbe7 elementor-widget__width-initial elementor-widget elementor-widget-image\" data-id=\"e7adbe7\" data-element_type=\"widget\" data-e-type=\"widget\" data-widget_type=\"image.default\">\n\t\t\t\t<div class=\"elementor-widget-container\">\n\t\t\t\t\t\t\t\t\t\t\t\t\t\t\t<img fetchpriority=\"high\" decoding=\"async\" width=\"1024\" height=\"450\" src=\"https:\/\/linguafest.hu\/wp-content\/uploads\/2025\/02\/lfest_boritokep-1024x450.jpg\" class=\"attachment-large size-large wp-image-3577\" alt=\"\" srcset=\"https:\/\/linguafest.hu\/wp-content\/uploads\/2025\/02\/lfest_boritokep-1024x450.jpg 1024w, https:\/\/linguafest.hu\/wp-content\/uploads\/2025\/02\/lfest_boritokep-300x132.jpg 300w, https:\/\/linguafest.hu\/wp-content\/uploads\/2025\/02\/lfest_boritokep-768x337.jpg 768w, https:\/\/linguafest.hu\/wp-content\/uploads\/2025\/02\/lfest_boritokep-1536x674.jpg 1536w, https:\/\/linguafest.hu\/wp-content\/uploads\/2025\/02\/lfest_boritokep-600x263.jpg 600w, https:\/\/linguafest.hu\/wp-content\/uploads\/2025\/02\/lfest_boritokep.jpg 1640w\" sizes=\"(max-width: 1024px) 100vw, 1024px\" \/>\t\t\t\t\t\t\t\t\t\t\t\t\t\t\t<\/div>\n\t\t\t\t<\/div>\n\t\t\t\t\t<\/div>\n\t\t<\/div>\n\t\t\t\t\t<\/div>\n\t\t<\/section>\n\t\t\t\t<section class=\"elementor-section elementor-top-section elementor-element elementor-element-42ded9b elementor-section-boxed elementor-section-height-default elementor-section-height-default\" data-id=\"42ded9b\" data-element_type=\"section\" data-e-type=\"section\" data-settings=\"{&quot;jet_parallax_layout_list&quot;:[]}\">\n\t\t\t\t\t\t<div class=\"elementor-container elementor-column-gap-default\">\n\t\t\t\t\t<div class=\"elementor-column elementor-col-100 elementor-top-column elementor-element elementor-element-1b56242\" data-id=\"1b56242\" data-element_type=\"column\" data-e-type=\"column\" data-settings=\"{&quot;background_background&quot;:&quot;classic&quot;}\">\n\t\t\t<div class=\"elementor-widget-wrap elementor-element-populated\">\n\t\t\t\t\t\t<div class=\"elementor-element elementor-element-41c03ced elementor-widget__width-initial elementor-widget elementor-widget-heading\" data-id=\"41c03ced\" data-element_type=\"widget\" data-e-type=\"widget\" data-widget_type=\"heading.default\">\n\t\t\t\t<div class=\"elementor-widget-container\">\n\t\t\t\t\t<h2 class=\"elementor-heading-title elementor-size-default\">MI EZ?<span style=\"font-size: 2.6em;letter-spacing: 0px;text-align: inherit\"><\/span><\/h2>\t\t\t\t<\/div>\n\t\t\t\t<\/div>\n\t\t\t\t<div class=\"elementor-element elementor-element-5fe80125 elementor-widget__width-initial elementor-widget elementor-widget-text-editor\" data-id=\"5fe80125\" data-element_type=\"widget\" data-e-type=\"widget\" data-widget_type=\"text-editor.default\">\n\t\t\t\t<div class=\"elementor-widget-container\">\n\t\t\t\t\t\t\t\t\t<p>\u00a0<\/p><p>2025. \u00e1prilis 4. p\u00e9ntek 10:00-18:00, ELTE L\u00e1gym\u00e1nyosi Campus G\u00f6mb Aula, Bp.\u00a0<\/p><div>\u00a0<\/div><p><span style=\"letter-spacing: 0px;\">A LinguaFest egy nyelvi ki\u00e1ll\u00edt\u00e1s, ahol mindent megtal\u00e1lsz, amire sz\u00fcks\u00e9ged van egy sikeres nyelvvizsg\u00e1hoz, vagy k\u00fclf\u00f6ldi tanul\u00e1shoz, munk\u00e1hoz, utaz\u00e1shoz. Tal\u00e1lkozhatsz n<\/span><span style=\"letter-spacing: 0px;\">yelviskol\u00e1kkal, nyelvi int\u00e9zetekkel, nyelvvizsgak\u00f6zpontokkal, k\u00fclf\u00f6ldi nyelviskol\u00e1kkal. Minden inform\u00e1ci\u00f3t \u00e9s seg\u00edts\u00e9get megtal\u00e1lsz egy helyen, ami ahhoz kell, hogy sikeres legy\u00e9l a nyelvtanul\u00e1sban.\u00a0<\/span><\/p><p><span style=\"letter-spacing: 0px;\">A LinguaFest-en elt\u00f6lthetsz a bar\u00e1taiddal egy tartalmas napot, mik\u00f6zben megismered a lehet\u0151s\u00e9geidet, \u00e9s inform\u00e1ci\u00f3kat, \u00e9lm\u00e9nyeket gy\u0171jtesz.\u00a0<\/span><\/p><p>Ne legyen a nyelvtanul\u00e1s k\u00e9nyszer, ne szorongj a nyelvvizsg\u00e1t\u00f3l, ebben is seg\u00edt\u00fcnk! A J\u00f6v\u0151 a Ti\u00e9d, de a nyelv kell hozz\u00e1!\u00a0<\/p><p>V\u00e1rjuk a k\u00f6z\u00e9piskol\u00e1s, egyetemista, \u00e9s feln\u0151tt nyelvtanul\u00f3kat, sz\u00fcl\u0151ket, \u00e9s minden \u00e9rdekl\u0151d\u0151t, akinek fontos a nyelvtanul\u00e1s \u00e9s nyelvtud\u00e1s.<\/p><p>\u00a0<\/p>\t\t\t\t\t\t\t\t<\/div>\n\t\t\t\t<\/div>\n\t\t\t\t\t<\/div>\n\t\t<\/div>\n\t\t\t\t\t<\/div>\n\t\t<\/section>\n\t\t\t\t<section class=\"elementor-section elementor-top-section elementor-element elementor-element-ae14712 elementor-section-boxed elementor-section-height-default elementor-section-height-default\" data-id=\"ae14712\" data-element_type=\"section\" data-e-type=\"section\" data-settings=\"{&quot;jet_parallax_layout_list&quot;:[]}\">\n\t\t\t\t\t\t<div class=\"elementor-container elementor-column-gap-default\">\n\t\t\t\t\t<div class=\"elementor-column elementor-col-100 elementor-top-column elementor-element elementor-element-3928f19\" data-id=\"3928f19\" data-element_type=\"column\" data-e-type=\"column\">\n\t\t\t<div class=\"elementor-widget-wrap elementor-element-populated\">\n\t\t\t\t\t\t<div class=\"elementor-element elementor-element-bf2d389 elementor-widget-divider--separator-type-pattern elementor-widget-divider--bg-round elementor-widget-divider--view-line elementor-widget elementor-widget-divider\" data-id=\"bf2d389\" data-element_type=\"widget\" data-e-type=\"widget\" data-widget_type=\"divider.default\">\n\t\t\t\t<div class=\"elementor-widget-container\">\n\t\t\t\t\t\t\t<div class=\"elementor-divider\" style=\"--divider-pattern-url: url(&quot;data:image\/svg+xml,%3Csvg xmlns=&#039;http:\/\/www.w3.org\/2000\/svg&#039; preserveAspectRatio=&#039;xMidYMid meet&#039; overflow=&#039;visible&#039; height=&#039;100%&#039; viewBox=&#039;0 0 24 24&#039; fill=&#039;black&#039; stroke=&#039;none&#039;%3E%3Cpath d=&#039;M14.2,4c0.3,0,0.5,0.1,0.7,0.3l7.9,7.2c0.2,0.2,0.3,0.4,0.3,0.7s-0.1,0.5-0.3,0.7l-7.9,7.2c-0.2,0.2-0.4,0.3-0.7,0.3s-0.5-0.1-0.7-0.3s-0.3-0.4-0.3-0.7l0-2.9l-11.5,0c-0.4,0-0.7-0.3-0.7-0.7V9.4C1,9,1.3,8.7,1.7,8.7l11.5,0l0-3.6c0-0.3,0.1-0.5,0.3-0.7S13.9,4,14.2,4z&#039;\/%3E%3C\/svg%3E&quot;);\">\n\t\t\t<span class=\"elementor-divider-separator\">\n\t\t\t\t\t\t<\/span>\n\t\t<\/div>\n\t\t\t\t\t\t<\/div>\n\t\t\t\t<\/div>\n\t\t\t\t\t<\/div>\n\t\t<\/div>\n\t\t\t\t\t<\/div>\n\t\t<\/section>\n\t\t\t\t<section class=\"elementor-section elementor-top-section elementor-element elementor-element-fc33f96 elementor-section-boxed elementor-section-height-default elementor-section-height-default\" data-id=\"fc33f96\" data-element_type=\"section\" data-e-type=\"section\" data-settings=\"{&quot;jet_parallax_layout_list&quot;:[]}\">\n\t\t\t\t\t\t<div class=\"elementor-container elementor-column-gap-default\">\n\t\t\t\t\t<div class=\"elementor-column elementor-col-100 elementor-top-column elementor-element elementor-element-bf35adc\" data-id=\"bf35adc\" data-element_type=\"column\" data-e-type=\"column\" data-settings=\"{&quot;background_background&quot;:&quot;gradient&quot;}\">\n\t\t\t<div class=\"elementor-widget-wrap elementor-element-populated\">\n\t\t\t\t\t\t<div class=\"elementor-element elementor-element-817bfb6 elementor-widget__width-initial elementor-widget elementor-widget-heading\" data-id=\"817bfb6\" data-element_type=\"widget\" data-e-type=\"widget\" data-widget_type=\"heading.default\">\n\t\t\t\t<div class=\"elementor-widget-container\">\n\t\t\t\t\t<h2 class=\"elementor-heading-title elementor-size-default\">REGISZTR\u00c1CI\u00d3S LINKEK ITT TAL\u00c1LHAT\u00d3K<br>Az esem\u00e9ny l\u00e1togat\u00e1sa ingyenes, \u00e9s a regisztr\u00e1l\u00f3k k\u00f6z\u00f6tt a helysz\u00ednen \u00e9rt\u00e9kes nyerem\u00e9nyeket sorsolunk ki.<\/h2>\t\t\t\t<\/div>\n\t\t\t\t<\/div>\n\t\t\t\t\t<\/div>\n\t\t<\/div>\n\t\t\t\t\t<\/div>\n\t\t<\/section>\n\t\t\t\t<section class=\"elementor-section elementor-top-section elementor-element elementor-element-5082fb4 elementor-section-boxed elementor-section-height-default elementor-section-height-default\" data-id=\"5082fb4\" data-element_type=\"section\" data-e-type=\"section\" data-settings=\"{&quot;jet_parallax_layout_list&quot;:[]}\">\n\t\t\t\t\t\t<div class=\"elementor-container elementor-column-gap-default\">\n\t\t\t\t\t<div class=\"elementor-column elementor-col-100 elementor-top-column elementor-element elementor-element-3c8cfeb\" data-id=\"3c8cfeb\" data-element_type=\"column\" data-e-type=\"column\" data-settings=\"{&quot;background_background&quot;:&quot;classic&quot;}\">\n\t\t\t<div class=\"elementor-widget-wrap elementor-element-populated\">\n\t\t\t\t\t\t<div class=\"elementor-element elementor-element-abcd802 elementor-align-center elementor-widget__width-initial elementor-widget elementor-widget-button\" data-id=\"abcd802\" data-element_type=\"widget\" data-e-type=\"widget\" data-widget_type=\"button.default\">\n\t\t\t\t<div class=\"elementor-widget-container\">\n\t\t\t\t\t\t\t\t\t<div class=\"elementor-button-wrapper\">\n\t\t\t\t\t<a class=\"elementor-button elementor-button-link elementor-size-sm\" href=\"https:\/\/docs.google.com\/forms\/d\/e\/1FAIpQLScFds18d2GzeL3dJQOiFyardT3whA8ya9x4MOsjRVtgZWckFA\/viewform?usp=dialog\">\n\t\t\t\t\t\t<span class=\"elementor-button-content-wrapper\">\n\t\t\t\t\t\t<span class=\"elementor-button-icon\">\n\t\t\t\t<i aria-hidden=\"true\" class=\"fas fa-people-arrows\"><\/i>\t\t\t<\/span>\n\t\t\t\t\t\t\t\t\t<span class=\"elementor-button-text\">Csoporttal j\u00f6v\u00f6k a Linguafestre<\/span>\n\t\t\t\t\t<\/span>\n\t\t\t\t\t<\/a>\n\t\t\t\t<\/div>\n\t\t\t\t\t\t\t\t<\/div>\n\t\t\t\t<\/div>\n\t\t\t\t\t<\/div>\n\t\t<\/div>\n\t\t\t\t\t<\/div>\n\t\t<\/section>\n\t\t\t\t<section class=\"elementor-section elementor-top-section elementor-element elementor-element-c3da692 elementor-section-boxed elementor-section-height-default elementor-section-height-default\" data-id=\"c3da692\" data-element_type=\"section\" data-e-type=\"section\" data-settings=\"{&quot;jet_parallax_layout_list&quot;:[]}\">\n\t\t\t\t\t\t<div class=\"elementor-container elementor-column-gap-default\">\n\t\t\t\t\t<div class=\"elementor-column elementor-col-100 elementor-top-column elementor-element elementor-element-29493ca\" data-id=\"29493ca\" data-element_type=\"column\" data-e-type=\"column\" data-settings=\"{&quot;background_background&quot;:&quot;gradient&quot;}\">\n\t\t\t<div class=\"elementor-widget-wrap elementor-element-populated\">\n\t\t\t\t\t\t<div class=\"elementor-element elementor-element-60a2f58 elementor-align-center elementor-widget__width-initial elementor-widget elementor-widget-button\" data-id=\"60a2f58\" data-element_type=\"widget\" data-e-type=\"widget\" data-widget_type=\"button.default\">\n\t\t\t\t<div class=\"elementor-widget-container\">\n\t\t\t\t\t\t\t\t\t<div class=\"elementor-button-wrapper\">\n\t\t\t\t\t<a class=\"elementor-button elementor-button-link elementor-size-sm\" href=\"https:\/\/docs.google.com\/forms\/d\/e\/1FAIpQLScjy7xNCmA85_kGa_ck9KBqjc3dUtoQ-9OSzuejg66E4FpSTg\/viewform?usp=dialog\">\n\t\t\t\t\t\t<span class=\"elementor-button-content-wrapper\">\n\t\t\t\t\t\t<span class=\"elementor-button-icon\">\n\t\t\t\t<i aria-hidden=\"true\" class=\"fas fa-child\"><\/i>\t\t\t<\/span>\n\t\t\t\t\t\t\t\t\t<span class=\"elementor-button-text\">Egyed\u00fcl j\u00f6v\u00f6k a LinguaFestre \u00e9s r\u00e9szt veszek a sorsol\u00e1son<\/span>\n\t\t\t\t\t<\/span>\n\t\t\t\t\t<\/a>\n\t\t\t\t<\/div>\n\t\t\t\t\t\t\t\t<\/div>\n\t\t\t\t<\/div>\n\t\t\t\t\t<\/div>\n\t\t<\/div>\n\t\t\t\t\t<\/div>\n\t\t<\/section>\n\t\t\t\t<section class=\"elementor-section elementor-top-section elementor-element elementor-element-bbf8aa9 elementor-section-boxed elementor-section-height-default elementor-section-height-default\" data-id=\"bbf8aa9\" data-element_type=\"section\" data-e-type=\"section\" data-settings=\"{&quot;jet_parallax_layout_list&quot;:[]}\">\n\t\t\t\t\t\t<div class=\"elementor-container elementor-column-gap-default\">\n\t\t\t\t\t<div class=\"elementor-column elementor-col-100 elementor-top-column elementor-element elementor-element-c388833\" data-id=\"c388833\" data-element_type=\"column\" data-e-type=\"column\" data-settings=\"{&quot;background_background&quot;:&quot;classic&quot;}\">\n\t\t\t<div class=\"elementor-widget-wrap elementor-element-populated\">\n\t\t\t\t\t\t<div class=\"elementor-element elementor-element-498c76a elementor-widget elementor-widget-text-editor\" data-id=\"498c76a\" data-element_type=\"widget\" data-e-type=\"widget\" data-widget_type=\"text-editor.default\">\n\t\t\t\t<div class=\"elementor-widget-container\">\n\t\t\t\t\t\t\t\t\t<p><a href=\"https:\/\/www.facebook.com\/events\/1552137215502148?acontext=%7B%22event_action_history%22%3A[%7B%22extra_data%22%3A%22%22%2C%22mechanism%22%3A%22your_upcoming_events_unit%22%2C%22surface%22%3A%22bookmark%22%7D%2C%7B%22extra_data%22%3A%22%22%2C%22mechanism%22%3A%22your_upcoming_events_unit%22%2C%22surface%22%3A%22bookmark%22%7D]%2C%22ref_notif_type%22%3Anull%7D\">Facebook esem\u00e9nyoldal ITT.<\/a><\/p>\t\t\t\t\t\t\t\t<\/div>\n\t\t\t\t<\/div>\n\t\t\t\t\t<\/div>\n\t\t<\/div>\n\t\t\t\t\t<\/div>\n\t\t<\/section>\n\t\t\t\t<section class=\"elementor-section elementor-top-section elementor-element elementor-element-284018c elementor-section-boxed elementor-section-height-default elementor-section-height-default\" data-id=\"284018c\" data-element_type=\"section\" data-e-type=\"section\" data-settings=\"{&quot;jet_parallax_layout_list&quot;:[]}\">\n\t\t\t\t\t\t<div class=\"elementor-container elementor-column-gap-default\">\n\t\t\t\t\t<div class=\"elementor-column elementor-col-100 elementor-top-column elementor-element elementor-element-8251dba\" data-id=\"8251dba\" data-element_type=\"column\" data-e-type=\"column\">\n\t\t\t<div class=\"elementor-widget-wrap elementor-element-populated\">\n\t\t\t\t\t\t<div class=\"elementor-element elementor-element-410c819 elementor-widget__width-initial elementor-widget elementor-widget-image\" data-id=\"410c819\" data-element_type=\"widget\" data-e-type=\"widget\" data-widget_type=\"image.default\">\n\t\t\t\t<div class=\"elementor-widget-container\">\n\t\t\t\t\t\t\t\t\t\t\t\t\t\t\t<img decoding=\"async\" width=\"1920\" height=\"1080\" src=\"https:\/\/linguafest.hu\/wp-content\/uploads\/2025\/03\/logok_tabla-3.jpg\" class=\"attachment-2048x2048 size-2048x2048 wp-image-3786\" alt=\"\" srcset=\"https:\/\/linguafest.hu\/wp-content\/uploads\/2025\/03\/logok_tabla-3.jpg 1920w, https:\/\/linguafest.hu\/wp-content\/uploads\/2025\/03\/logok_tabla-3-300x169.jpg 300w, https:\/\/linguafest.hu\/wp-content\/uploads\/2025\/03\/logok_tabla-3-1024x576.jpg 1024w, https:\/\/linguafest.hu\/wp-content\/uploads\/2025\/03\/logok_tabla-3-768x432.jpg 768w, https:\/\/linguafest.hu\/wp-content\/uploads\/2025\/03\/logok_tabla-3-1536x864.jpg 1536w, https:\/\/linguafest.hu\/wp-content\/uploads\/2025\/03\/logok_tabla-3-150x85.jpg 150w, https:\/\/linguafest.hu\/wp-content\/uploads\/2025\/03\/logok_tabla-3-600x338.jpg 600w\" sizes=\"(max-width: 1920px) 100vw, 1920px\" \/>\t\t\t\t\t\t\t\t\t\t\t\t\t\t\t<\/div>\n\t\t\t\t<\/div>\n\t\t\t\t<div class=\"elementor-element elementor-element-ba27d76 elementor-widget elementor-widget-text-editor\" data-id=\"ba27d76\" data-element_type=\"widget\" data-e-type=\"widget\" data-widget_type=\"text-editor.default\">\n\t\t\t\t<div class=\"elementor-widget-container\">\n\t\t\t\t\t\t\t\t\t<p>Az esem\u00e9ny t\u00e1rsszervez\u0151je:\u00a0<\/p><p><a href=\"https:\/\/www.onyc.hu\/\">ELTE Origo Nyelvi Centrum<\/a><\/p><p>Ki\u00e1ll\u00edt\u00f3inkat az al\u00e1bbi oldalon tal\u00e1lod meg:\u00a0<a href=\"https:\/\/linguafest.hu\/kiallitoink2025\/\">https:\/\/linguafest.hu\/kiallitoink2025\/<\/a><\/p>\t\t\t\t\t\t\t\t<\/div>\n\t\t\t\t<\/div>\n\t\t\t\t\t<\/div>\n\t\t<\/div>\n\t\t\t\t\t<\/div>\n\t\t<\/section>\n\t\t\t\t<section class=\"elementor-section elementor-top-section elementor-element elementor-element-edcabd8 elementor-section-boxed elementor-section-height-default elementor-section-height-default\" data-id=\"edcabd8\" data-element_type=\"section\" data-e-type=\"section\" data-settings=\"{&quot;jet_parallax_layout_list&quot;:[]}\">\n\t\t\t\t\t\t<div class=\"elementor-container elementor-column-gap-default\">\n\t\t\t\t\t<div class=\"elementor-column elementor-col-50 elementor-top-column elementor-element elementor-element-2f0453c\" data-id=\"2f0453c\" data-element_type=\"column\" data-e-type=\"column\" data-settings=\"{&quot;background_background&quot;:&quot;classic&quot;}\">\n\t\t\t<div class=\"elementor-widget-wrap elementor-element-populated\">\n\t\t\t\t\t\t<div class=\"elementor-element elementor-element-72dac78 elementor-widget__width-initial elementor-widget elementor-widget-text-editor\" data-id=\"72dac78\" data-element_type=\"widget\" data-e-type=\"widget\" data-widget_type=\"text-editor.default\">\n\t\t\t\t<div class=\"elementor-widget-container\">\n\t\t\t\t\t\t\t\t\t<p>Mire sz\u00e1m\u00edthatsz?\u00a0<\/p><ul><li>El\u0151ad\u00e1sokra nyelvvizsg\u00e1kr\u00f3l, \u00e9s hogy hogyan tudsz r\u00e1juk felk\u00e9sz\u00fclni<\/li><li>Pr\u00f3banyelvvizsg\u00e1ra<\/li><li>Egy \u00faj nyelvtanul\u00e1si applik\u00e1ci\u00f3 bemutat\u00f3j\u00e1ra<\/li><li>K\u00fclf\u00f6ldi nyelvtanul\u00e1si lehet\u0151s\u00e9gekre<\/li><li>Praktikus tan\u00e1csokra a nyelvtanul\u00e1shoz &#8211; hogy k\u00f6nnyebben \u00e9s m\u00e9g jobban menjen<\/li><li>T\u00e1rsasj\u00e1t\u00e9k \u00e9s chill sarokra<\/li><li>Besz\u00e9lget\u00e9sekre &#8211; ak\u00e1r idegen nyelven is<\/li><li>Kisebb \u00e9s nagyobb aj\u00e1nd\u00e9kokra, nyerem\u00e9nyekre<\/li><li>\u00a0Egy kellemes napra &#8211; amit a bar\u00e1taiddal tudsz elt\u00f6lteni<\/li><li>Egy kis zenei performanszra<\/li><li>&#8230;..<\/li><\/ul>\t\t\t\t\t\t\t\t<\/div>\n\t\t\t\t<\/div>\n\t\t\t\t\t<\/div>\n\t\t<\/div>\n\t\t\t\t<div class=\"elementor-column elementor-col-50 elementor-top-column elementor-element elementor-element-d0e5e23\" data-id=\"d0e5e23\" data-element_type=\"column\" data-e-type=\"column\" data-settings=\"{&quot;background_background&quot;:&quot;classic&quot;}\">\n\t\t\t<div class=\"elementor-widget-wrap elementor-element-populated\">\n\t\t\t\t\t\t<div class=\"elementor-element elementor-element-6bec5cb elementor-widget__width-initial elementor-widget elementor-widget-image\" data-id=\"6bec5cb\" data-element_type=\"widget\" data-e-type=\"widget\" data-widget_type=\"image.default\">\n\t\t\t\t<div class=\"elementor-widget-container\">\n\t\t\t\t\t\t\t\t\t\t\t\t\t\t\t<img decoding=\"async\" width=\"1080\" height=\"1080\" src=\"https:\/\/linguafest.hu\/wp-content\/uploads\/2025\/02\/alap4.jpg\" class=\"attachment-full size-full wp-image-3578\" alt=\"\" srcset=\"https:\/\/linguafest.hu\/wp-content\/uploads\/2025\/02\/alap4.jpg 1080w, https:\/\/linguafest.hu\/wp-content\/uploads\/2025\/02\/alap4-300x300.jpg 300w, https:\/\/linguafest.hu\/wp-content\/uploads\/2025\/02\/alap4-1024x1024.jpg 1024w, https:\/\/linguafest.hu\/wp-content\/uploads\/2025\/02\/alap4-150x150.jpg 150w, https:\/\/linguafest.hu\/wp-content\/uploads\/2025\/02\/alap4-768x768.jpg 768w, https:\/\/linguafest.hu\/wp-content\/uploads\/2025\/02\/alap4-230x230.jpg 230w, https:\/\/linguafest.hu\/wp-content\/uploads\/2025\/02\/alap4-400x400.jpg 400w, https:\/\/linguafest.hu\/wp-content\/uploads\/2025\/02\/alap4-600x600.jpg 600w, https:\/\/linguafest.hu\/wp-content\/uploads\/2025\/02\/alap4-640x640.jpg 640w\" sizes=\"(max-width: 1080px) 100vw, 1080px\" \/>\t\t\t\t\t\t\t\t\t\t\t\t\t\t\t<\/div>\n\t\t\t\t<\/div>\n\t\t\t\t\t<\/div>\n\t\t<\/div>\n\t\t\t\t\t<\/div>\n\t\t<\/section>\n\t\t\t\t<section class=\"elementor-section elementor-top-section elementor-element elementor-element-3b1cbbd elementor-section-boxed elementor-section-height-default elementor-section-height-default\" data-id=\"3b1cbbd\" data-element_type=\"section\" data-e-type=\"section\" data-settings=\"{&quot;jet_parallax_layout_list&quot;:[]}\">\n\t\t\t\t\t\t<div class=\"elementor-container elementor-column-gap-default\">\n\t\t\t\t\t<div class=\"elementor-column elementor-col-100 elementor-top-column elementor-element elementor-element-41c6701\" data-id=\"41c6701\" data-element_type=\"column\" data-e-type=\"column\">\n\t\t\t<div class=\"elementor-widget-wrap elementor-element-populated\">\n\t\t\t\t\t\t<div class=\"elementor-element elementor-element-91c92fd elementor-widget elementor-widget-text-editor\" data-id=\"91c92fd\" data-element_type=\"widget\" data-e-type=\"widget\" data-widget_type=\"text-editor.default\">\n\t\t\t\t<div class=\"elementor-widget-container\">\n\t\t\t\t\t\t\t\t\t<p>Hogy tal\u00e1ltok el a LinguaFestre?&nbsp;<\/p>\n<p>A LinguaFest az ELTE L\u00e1gym\u00e1nyosi Campus\u00e1nak \u00c9szaki t\u00f6mbj\u00e9ben, a G\u00f6mb Aul\u00e1ban lesz.&nbsp;<\/p>\n<p><a style=\"font-weight: var( --e-global-typography-text-font-weight ); letter-spacing: 0px; color: var(--jkqx2); -webkit-tap-highlight-color: rgba(0, 0, 0, 0.1); outline: 0px; font-family: Arial, sans-serif; background-color: #ffffff; cursor: pointer;\" tabindex=\"0\" href=\"https:\/\/www.google.com\/maps\/place\/\/data=!4m2!3m1!1s0x4741ddaa61aa81d7:0xcd3dd898b4e31cec?sa=X&amp;ved=1t:8290&amp;ictx=111\" data-url=\"\/maps\/place\/\/data=!4m2!3m1!1s0x4741ddaa61aa81d7:0xcd3dd898b4e31cec?sa=X&amp;ved=2ahUKEwipzbSN8ZiMAxWFKRAIHSbTCHYQ4kB6BAgHEAA\">Budapest, P\u00e1zm\u00e1ny P\u00e9ter stny. 1\/A, 1117<\/a><\/p>\n<p>Az al\u00e1bbi t\u00e9rk\u00e9p seg\u00edt megtal\u00e1lni &#8211; az 1A \u00e9p\u00fclet d\u00e9li, II-es bej\u00e1rat\u00e1t keress\u00e9tek, de ne agg\u00f3djatok, a helysz\u00ednen t\u00e1bl\u00e1kkal fogunk seg\u00edteni!<\/p>\t\t\t\t\t\t\t\t<\/div>\n\t\t\t\t<\/div>\n\t\t\t\t\t<\/div>\n\t\t<\/div>\n\t\t\t\t\t<\/div>\n\t\t<\/section>\n\t\t\t\t<section class=\"elementor-section elementor-top-section elementor-element elementor-element-7e0c0c2 elementor-section-boxed elementor-section-height-default elementor-section-height-default\" data-id=\"7e0c0c2\" data-element_type=\"section\" data-e-type=\"section\" data-settings=\"{&quot;jet_parallax_layout_list&quot;:[]}\">\n\t\t\t\t\t\t<div class=\"elementor-container elementor-column-gap-default\">\n\t\t\t\t\t<div class=\"elementor-column elementor-col-100 elementor-top-column elementor-element elementor-element-0ee8832\" data-id=\"0ee8832\" data-element_type=\"column\" data-e-type=\"column\">\n\t\t\t<div class=\"elementor-widget-wrap elementor-element-populated\">\n\t\t\t\t\t\t<div class=\"elementor-element elementor-element-0a74902 elementor-widget elementor-widget-image\" data-id=\"0a74902\" data-element_type=\"widget\" data-e-type=\"widget\" data-widget_type=\"image.default\">\n\t\t\t\t<div class=\"elementor-widget-container\">\n\t\t\t\t\t\t\t\t\t\t\t\t\t\t\t<img loading=\"lazy\" decoding=\"async\" width=\"650\" height=\"815\" src=\"https:\/\/linguafest.hu\/wp-content\/uploads\/2025\/03\/ELTE-Lagymanyosi-Campus.jpg\" class=\"attachment-large size-large wp-image-3744\" alt=\"\" srcset=\"https:\/\/linguafest.hu\/wp-content\/uploads\/2025\/03\/ELTE-Lagymanyosi-Campus.jpg 650w, https:\/\/linguafest.hu\/wp-content\/uploads\/2025\/03\/ELTE-Lagymanyosi-Campus-239x300.jpg 239w, https:\/\/linguafest.hu\/wp-content\/uploads\/2025\/03\/ELTE-Lagymanyosi-Campus-600x752.jpg 600w\" sizes=\"(max-width: 650px) 100vw, 650px\" \/>\t\t\t\t\t\t\t\t\t\t\t\t\t\t\t<\/div>\n\t\t\t\t<\/div>\n\t\t\t\t\t<\/div>\n\t\t<\/div>\n\t\t\t\t\t<\/div>\n\t\t<\/section>\n\t\t\t\t<\/div>\n\t\t","protected":false},"excerpt":{"rendered":"<p>MI EZ? \u00a0 2025. \u00e1prilis 4. p\u00e9ntek 10:00-18:00, ELTE L\u00e1gym\u00e1nyosi Campus G\u00f6mb Aula, Bp.\u00a0 \u00a0 A LinguaFest egy nyelvi ki\u00e1ll\u00edt\u00e1s, ahol mindent megtal\u00e1lsz, amire sz\u00fcks\u00e9ged van egy sikeres nyelvvizsg\u00e1hoz, vagy k\u00fclf\u00f6ldi tanul\u00e1shoz, munk\u00e1hoz, utaz\u00e1shoz. Tal\u00e1lkozhatsz nyelviskol\u00e1kkal, nyelvi int\u00e9zetekkel, nyelvvizsgak\u00f6zpontokkal, k\u00fclf\u00f6ldi nyelviskol\u00e1kkal. Minden inform\u00e1ci\u00f3t \u00e9s seg\u00edts\u00e9get megtal\u00e1lsz egy helyen, ami ahhoz kell, hogy sikeres legy\u00e9l a [&hellip;]<\/p>\n","protected":false},"author":4,"featured_media":0,"parent":0,"menu_order":0,"comment_status":"closed","ping_status":"closed","template":"","meta":{"footnotes":""},"teszt":[],"class_list":["post-127","page","type-page","status-publish","hentry"],"_links":{"self":[{"href":"https:\/\/linguafest.hu\/index.php?rest_route=\/wp\/v2\/pages\/127","targetHints":{"allow":["GET"]}}],"collection":[{"href":"https:\/\/linguafest.hu\/index.php?rest_route=\/wp\/v2\/pages"}],"about":[{"href":"https:\/\/linguafest.hu\/index.php?rest_route=\/wp\/v2\/types\/page"}],"author":[{"embeddable":true,"href":"https:\/\/linguafest.hu\/index.php?rest_route=\/wp\/v2\/users\/4"}],"replies":[{"embeddable":true,"href":"https:\/\/linguafest.hu\/index.php?rest_route=%2Fwp%2Fv2%2Fcomments&post=127"}],"version-history":[{"count":0,"href":"https:\/\/linguafest.hu\/index.php?rest_route=\/wp\/v2\/pages\/127\/revisions"}],"wp:attachment":[{"href":"https:\/\/linguafest.hu\/index.php?rest_route=%2Fwp%2Fv2%2Fmedia&parent=127"}],"wp:term":[{"taxonomy":"teszt","embeddable":true,"href":"https:\/\/linguafest.hu\/index.php?rest_route=%2Fwp%2Fv2%2Fteszt&post=127"}],"curies":[{"name":"wp","href":"https:\/\/api.w.org\/{rel}","templated":true}]}}